{"id":886,"date":"2024-04-06T04:32:37","date_gmt":"2024-04-06T04:32:37","guid":{"rendered":"https:\/\/imed.com.vn\/?post_type=product&#038;p=886"},"modified":"2024-08-12T04:27:08","modified_gmt":"2024-08-12T04:27:08","slug":"arietta-750-ve","status":"publish","type":"product","link":"https:\/\/imed.com.vn\/en\/product\/arietta-750-ve\/","title":{"rendered":"ARIETTA 750 VE"},"content":{"rendered":"<h4><strong>H\u1ec6 TH\u1ed0NG SI\u00caU \u00c2M ARIETTA 750VE<\/strong><\/h4>\n<h4>Model: <strong>ARIETTA 750VE<\/strong><\/h4>\n<p>H\u00e3ng s\u1ea3n xu\u1ea5t: <strong>Fujifilm<\/strong><\/p>\n<h4><strong>T\u1ed4NG QU\u00c1T<\/strong><\/h4>\n<p><strong>ARIETTA 750VE<\/strong> mang \u0111\u1ebfn ch\u1ea5t l\u01b0\u1ee3ng h\u00ecnh \u1ea3nh tuy\u1ec7t h\u1ea3o v\u00e0 n\u00e2ng cao s\u1ef1 t\u1ef1 tin trong ch\u1ea9n \u0111o\u00e1n. C\u00e1c c\u00f4ng ngh\u1ec7 h\u00ecnh \u1ea3nh ti\u00ean ti\u1ebfn mang \u0111\u1ebfn cho ng\u01b0\u1eddi d\u00f9ng ch\u1ea5t l\u01b0\u1ee3ng h\u00ecnh \u1ea3nh t\u1ed1i \u01b0u nh\u1ea5t, thao t\u00e1c \u0111\u01a1n gi\u1ea3n \u0111\u1ec3 t\u1ea1o ra m\u1ed9t m\u00f4i tr\u01b0\u1eddng th\u0103m kh\u00e1m tho\u1ea3i m\u00e1i.<\/p>","protected":false},"excerpt":{"rendered":"<p>H\u00e3ng s\u1ea3n xu\u1ea5t: Fujifilm<br \/>\nXu\u1ea5t x\u1ee9: Nh\u1eadt B\u1ea3n<\/p>\n<p><strong>ARIETTA 750VE<\/strong> mang \u0111\u1ebfn ch\u1ea5t l\u01b0\u1ee3ng h\u00ecnh \u1ea3nh tuy\u1ec7t h\u1ea3o v\u00e0 n\u00e2ng cao s\u1ef1 t\u1ef1 tin trong ch\u1ea9n \u0111o\u00e1n. C\u00e1c c\u00f4ng ngh\u1ec7 h\u00ecnh \u1ea3nh ti\u00ean ti\u1ebfn mang \u0111\u1ebfn cho ng\u01b0\u1eddi d\u00f9ng ch\u1ea5t l\u01b0\u1ee3ng h\u00ecnh \u1ea3nh t\u1ed1i \u01b0u nh\u1ea5t, thao t\u00e1c \u0111\u01a1n gi\u1ea3n \u0111\u1ec3 t\u1ea1o ra m\u1ed9t m\u00f4i tr\u01b0\u1eddng th\u0103m kh\u00e1m tho\u1ea3i m\u00e1i.<\/p>","protected":false},"featured_media":1340,"template":"","meta":{"_acf_changed":false,"rank_math_lock_modified_date":false,"inline_featured_image":false},"product_cat":[70,32],"product_tag":[42,207],"class_list":{"0":"post-886","1":"product","2":"type-product","3":"status-publish","4":"has-post-thumbnail","6":"product_cat-he-thong-sieu-am","7":"product_cat-chan-doan-hinh-anh","8":"product_tag-fujifilm","9":"product_tag-may-sieu-am","11":"first","12":"instock","13":"shipping-taxable","14":"product-type-simple"},"acf":[],"_links":{"self":[{"href":"https:\/\/imed.com.vn\/en\/wp-json\/wp\/v2\/product\/886","targetHints":{"allow":["GET"]}}],"collection":[{"href":"https:\/\/imed.com.vn\/en\/wp-json\/wp\/v2\/product"}],"about":[{"href":"https:\/\/imed.com.vn\/en\/wp-json\/wp\/v2\/types\/product"}],"wp:featuredmedia":[{"embeddable":true,"href":"https:\/\/imed.com.vn\/en\/wp-json\/wp\/v2\/media\/1340"}],"wp:attachment":[{"href":"https:\/\/imed.com.vn\/en\/wp-json\/wp\/v2\/media?parent=886"}],"wp:term":[{"taxonomy":"product_cat","embeddable":true,"href":"https:\/\/imed.com.vn\/en\/wp-json\/wp\/v2\/product_cat?post=886"},{"taxonomy":"product_tag","embeddable":true,"href":"https:\/\/imed.com.vn\/en\/wp-json\/wp\/v2\/product_tag?post=886"}],"curies":[{"name":"wp","href":"https:\/\/api.w.org\/{rel}","templated":true}]}}